{"id":4315,"date":"2025-11-24T06:09:28","date_gmt":"2025-11-24T06:09:28","guid":{"rendered":"https:\/\/kinghomechemicals.com\/?page_id=4315"},"modified":"2026-03-30T10:30:31","modified_gmt":"2026-03-30T10:30:31","slug":"thanks","status":"publish","type":"page","link":"https:\/\/www.kinghomechemicals.com\/es\/thanks","title":{"rendered":"Gracias"},"content":{"rendered":"<div class=\"wp-block-group alignfull has-text-color has-background is-layout-flow wp-block-group-is-layout-flow\" style=\"color:#000000;background-color:#ffffff\">\n<div style=\"height:64px\" aria-hidden=\"true\" class=\"wp-block-spacer\"><\/div>\n\n\n\n<h2 class=\"wp-block-heading has-text-align-center\" id=\"schedule-a-visit\" style=\"font-size:clamp(32.969px, 2.061rem + ((1vw - 3.2px) * 2.034), 59px);px;line-height:1.15\"><strong>Gracias.<\/strong><\/h2>\n\n\n\n<p class=\"has-text-align-center\">Hemos recibido su solicitud y agradecemos su inter\u00e9s en nuestros servicios. Un miembro de nuestro equipo revisar\u00e1 sus datos y se pondr\u00e1 en contacto con usted en 24 horas (o antes).<\/p>\n\n\n\n<div class=\"wp-block-buttons has-custom-font-size has-medium-font-size is-horizontal is-content-justification-center is-layout-flex wp-container-core-buttons-is-layout-ecd33c62 wp-block-buttons-is-layout-flex\">\n<div class=\"wp-block-button has-custom-width wp-block-button__width-50\"><a class=\"wp-block-button__link has-text-color has-background wp-element-button\" href=\"https:\/\/www.kinghomechemicals.com\/es\/\" style=\"border-radius:50px;color:#ffffff;background-color:#000000\">Volver a la p\u00e1gina de inicio<\/a><\/div>\n<\/div>\n\n\n\n<div style=\"height:64px\" aria-hidden=\"true\" class=\"wp-block-spacer\"><\/div>\n<\/div>","protected":false},"excerpt":{"rendered":"<p>Thank you! We\u2019ve received your request and appreciate your interest in our services. A dedicated team member will review your details and contact you within 24 hours (or sooner!).<\/p>","protected":false},"author":1,"featured_media":0,"parent":0,"menu_order":0,"comment_status":"closed","ping_status":"closed","template":"elementor_canvas","meta":{"two_page_speed":{"current_score":{"desktop_score":90,"desktop_tti":"0.3\u00a0","mobile_score":100,"mobile_tti":"1.1\u00a0","date":"30.03.2026 08:37:09 am","status":"error_no_score"}},"footnotes":""},"class_list":["post-4315","page","type-page","status-publish","hentry"],"blocksy_meta":[],"_links":{"self":[{"href":"https:\/\/www.kinghomechemicals.com\/es\/wp-json\/wp\/v2\/pages\/4315","targetHints":{"allow":["GET"]}}],"collection":[{"href":"https:\/\/www.kinghomechemicals.com\/es\/wp-json\/wp\/v2\/pages"}],"about":[{"href":"https:\/\/www.kinghomechemicals.com\/es\/wp-json\/wp\/v2\/types\/page"}],"author":[{"embeddable":true,"href":"https:\/\/www.kinghomechemicals.com\/es\/wp-json\/wp\/v2\/users\/1"}],"replies":[{"embeddable":true,"href":"https:\/\/www.kinghomechemicals.com\/es\/wp-json\/wp\/v2\/comments?post=4315"}],"version-history":[{"count":1,"href":"https:\/\/www.kinghomechemicals.com\/es\/wp-json\/wp\/v2\/pages\/4315\/revisions"}],"predecessor-version":[{"id":4599,"href":"https:\/\/www.kinghomechemicals.com\/es\/wp-json\/wp\/v2\/pages\/4315\/revisions\/4599"}],"wp:attachment":[{"href":"https:\/\/www.kinghomechemicals.com\/es\/wp-json\/wp\/v2\/media?parent=4315"}],"curies":[{"name":"wp","href":"https:\/\/api.w.org\/{rel}","templated":true}]}}