{"id":2220,"date":"2025-09-08T08:40:31","date_gmt":"2025-09-08T08:40:31","guid":{"rendered":"https:\/\/kinghomechemicals.com\/?post_type=product&#038;p=2220"},"modified":"2025-10-14T07:34:45","modified_gmt":"2025-10-14T07:34:45","slug":"static-dust-collecting-agent","status":"publish","type":"product","link":"https:\/\/www.kinghomechemicals.com\/es\/producto\/static-dust-collecting-agent","title":{"rendered":"Recolector de polvo est\u00e1tico (a base de aceite) | El im\u00e1n de polvo para suelos sin esfuerzo y de larga duraci\u00f3n"},"content":{"rendered":"<p>Formulado con una f\u00f3rmula compuesta a base de aceite y agua, este <strong>Recolector de polvo est\u00e1tico<\/strong> contiene aceites de grado cosm\u00e9tico de alta calidad y pol\u00edmeros solubles en agua. Tras su aplicaci\u00f3n, libera una cantidad adecuada de electricidad est\u00e1tica para atraer eficazmente el polvo del suelo y otras superficies, dejando las superficies limpias, brillantes y refrescadas con una fragancia agradable y duradera.<\/p>\n<h5><img fetchpriority=\"high\" decoding=\"async\" class=\"aligncenter wp-image-2221 size-medium\" src=\"https:\/\/kinghomechemicals.com\/http:\/\/kinghomechemicals.com\/wp-content\/uploads\/2025\/09\/\u9759\u7535\u7275\u5c18-300x300.jpg\" alt=\"Static Dust Collecting Agent(Oil-based) \" width=\"300\" height=\"300\" srcset=\"https:\/\/www.kinghomechemicals.com\/wp-content\/uploads\/2025\/09\/\u9759\u7535\u7275\u5c18-300x300.jpg 300w, https:\/\/www.kinghomechemicals.com\/wp-content\/uploads\/2025\/09\/\u9759\u7535\u7275\u5c18-150x150.jpg 150w, https:\/\/www.kinghomechemicals.com\/wp-content\/uploads\/2025\/09\/\u9759\u7535\u7275\u5c18-768x768.jpg 768w, https:\/\/www.kinghomechemicals.com\/wp-content\/uploads\/2025\/09\/\u9759\u7535\u7275\u5c18-500x500.jpg 500w, https:\/\/www.kinghomechemicals.com\/wp-content\/uploads\/2025\/09\/\u9759\u7535\u7275\u5c18-100x100.jpg 100w, https:\/\/www.kinghomechemicals.com\/wp-content\/uploads\/2025\/09\/\u9759\u7535\u7275\u5c18.jpg 800w\" sizes=\"(max-width: 300px) 100vw, 300px\" \/><\/h5>\n<h5>\u00c1mbito de aplicaci\u00f3n:<\/h5>\n<p>Eliminaci\u00f3n de polvo para suelos de vest\u00edbulos de hoteles, zonas de espera de aeropuertos, supermercados, instalaciones de gesti\u00f3n de propiedades y espacios comerciales similares.<\/p>\n<h5><\/h5>\n<h5>Datos t\u00e9cnicos\uff1a<\/h5>\n<table style=\"border-collapse: collapse; width: 474.02pt;\" border=\"0\" width=\"632\" cellspacing=\"0\" cellpadding=\"0\">\n<tbody>\n<tr style=\"height: 44.00pt;\">\n<td class=\"et2\" style=\"height: 44pt; width: 118.5pt; text-align: center;\" width=\"158\" height=\"58\"><strong>Volumen neto<\/strong><\/td>\n<td class=\"et2\" style=\"width: 118.5pt; text-align: center;\" width=\"158\"><strong>Embalaje<\/strong><\/td>\n<td class=\"et2\" style=\"width: 118.5pt; text-align: center;\" width=\"158\"><strong>Estado f\u00edsico<\/strong><\/td>\n<td class=\"et2\" style=\"width: 118.5pt; text-align: center;\" width=\"158\"><strong>Color<\/strong><\/td>\n<\/tr>\n<tr style=\"height: 44.00pt;\">\n<td class=\"et3\" style=\"height: 44pt; text-align: center;\" height=\"58\">1 gal\u00f3n<\/td>\n<td class=\"et3\" style=\"text-align: center;\">4 Botellas \/ Caja<\/td>\n<td class=\"et3\" style=\"text-align: center;\">L\u00edquido<\/td>\n<td class=\"et3\" style=\"text-align: center;\">Claro<\/td>\n<\/tr>\n<\/tbody>\n<\/table>","protected":false},"excerpt":{"rendered":"<p><strong>Serie de limpiadores Ecoclean<\/strong><\/p>\n<p><strong>Recolector de polvo est\u00e1tico (base aceite)<\/strong> utiliza una f\u00f3rmula compuesta para generar electricidad est\u00e1tica, atrayendo activamente el polvo para conseguir un suelo m\u00e1s limpio y brillante. Con una agradable fragancia duradera, reduce la mano de obra al mantener las superficies libres de polvo durante m\u00e1s tiempo, ideal para uso comercial.<\/p>","protected":false},"featured_media":2221,"comment_status":"closed","ping_status":"closed","template":"","meta":[],"product_brand":[46],"product_cat":[15],"product_tag":[],"class_list":{"0":"post-2220","1":"product","2":"type-product","3":"status-publish","4":"has-post-thumbnail","6":"product_brand-ecoclean","7":"product_cat-chemicals","8":"pa_functions-cleaner","9":"pa_surface-material-artificial-stone","10":"pa_surface-material-ceramic-tiles","11":"pa_surface-material-concrete","12":"pa_surface-material-granite","13":"pa_surface-material-marble","14":"pa_surface-material-others","15":"pa_surface-material-polished-tile","16":"pa_surface-material-rough-stone","17":"pa_surface-material-terrazzo","18":"pa_surface-material-vitrified-tile","19":"pa_surface-material-wood","21":"first","22":"instock","23":"shipping-taxable","24":"product-type-simple"},"ct_brands":[{"id":46,"name":"Ecoclean","slug":"ecoclean"}],"_links":{"self":[{"href":"https:\/\/www.kinghomechemicals.com\/es\/wp-json\/wp\/v2\/product\/2220","targetHints":{"allow":["GET"]}}],"collection":[{"href":"https:\/\/www.kinghomechemicals.com\/es\/wp-json\/wp\/v2\/product"}],"about":[{"href":"https:\/\/www.kinghomechemicals.com\/es\/wp-json\/wp\/v2\/types\/product"}],"replies":[{"embeddable":true,"href":"https:\/\/www.kinghomechemicals.com\/es\/wp-json\/wp\/v2\/comments?post=2220"}],"wp:featuredmedia":[{"embeddable":true,"href":"https:\/\/www.kinghomechemicals.com\/es\/wp-json\/wp\/v2\/media\/2221"}],"wp:attachment":[{"href":"https:\/\/www.kinghomechemicals.com\/es\/wp-json\/wp\/v2\/media?parent=2220"}],"wp:term":[{"taxonomy":"product_brand","embeddable":true,"href":"https:\/\/www.kinghomechemicals.com\/es\/wp-json\/wp\/v2\/product_brand?post=2220"},{"taxonomy":"product_cat","embeddable":true,"href":"https:\/\/www.kinghomechemicals.com\/es\/wp-json\/wp\/v2\/product_cat?post=2220"},{"taxonomy":"product_tag","embeddable":true,"href":"https:\/\/www.kinghomechemicals.com\/es\/wp-json\/wp\/v2\/product_tag?post=2220"}],"curies":[{"name":"wp","href":"https:\/\/api.w.org\/{rel}","templated":true}]}}