{"id":2260,"date":"2025-09-08T09:51:24","date_gmt":"2025-09-08T09:51:24","guid":{"rendered":"https:\/\/kinghomechemicals.com\/?post_type=product&#038;p=2260"},"modified":"2025-10-08T08:30:54","modified_gmt":"2025-10-08T08:30:54","slug":"all-purpose-adhesive-remover","status":"publish","type":"product","link":"https:\/\/www.kinghomechemicals.com\/es\/producto\/all-purpose-adhesive-remover","title":{"rendered":"Removedor de Adhesivos Multiuso | \u00a1Eliminador de Manchas Dif\u00edciles! Goma de Mascar, Residuos de Pegatinas y M\u00e1s"},"content":{"rendered":"<p>Este eliminador de adhesivos multiuso est\u00e1 especialmente dise\u00f1ado para la eliminaci\u00f3n de diversos tipos de adhesivos. Sus exclusivos disolventes y agentes dispersantes eliminan eficazmente una amplia gama de contaminantes adhesivos de superficies duras y moquetas. Adecuado para eliminar manchas como chicle, bet\u00fan, tinta, asfalto, alquitr\u00e1n y restos de pegatinas.<\/p>\n<h5><img fetchpriority=\"high\" decoding=\"async\" class=\"aligncenter wp-image-2261 size-medium\" src=\"https:\/\/kinghomechemicals.com\/http:\/\/kinghomechemicals.com\/wp-content\/uploads\/2025\/09\/\u4e07\u80fd\u9664\u80f6\u5242-300x300.jpg\" alt=\"All-Purpose Adhesive Remover\" width=\"300\" height=\"300\" srcset=\"https:\/\/www.kinghomechemicals.com\/wp-content\/uploads\/2025\/09\/\u4e07\u80fd\u9664\u80f6\u5242-300x300.jpg 300w, https:\/\/www.kinghomechemicals.com\/wp-content\/uploads\/2025\/09\/\u4e07\u80fd\u9664\u80f6\u5242-150x150.jpg 150w, https:\/\/www.kinghomechemicals.com\/wp-content\/uploads\/2025\/09\/\u4e07\u80fd\u9664\u80f6\u5242-500x500.jpg 500w, https:\/\/www.kinghomechemicals.com\/wp-content\/uploads\/2025\/09\/\u4e07\u80fd\u9664\u80f6\u5242-100x100.jpg 100w, https:\/\/www.kinghomechemicals.com\/wp-content\/uploads\/2025\/09\/\u4e07\u80fd\u9664\u80f6\u5242.jpg 750w\" sizes=\"(max-width: 300px) 100vw, 300px\" \/><\/h5>\n<h5>Datos t\u00e9cnicos\uff1a<\/h5>\n<table style=\"border-collapse: collapse; width: 474.02pt;\" border=\"0\" width=\"632\" cellspacing=\"0\" cellpadding=\"0\">\n<tbody>\n<tr style=\"height: 44.00pt;\">\n<td class=\"et2\" style=\"height: 44pt; width: 118.5pt; text-align: center;\" width=\"158\" height=\"58\"><strong>Volumen neto<\/strong><\/td>\n<td class=\"et2\" style=\"width: 118.5pt; text-align: center;\" width=\"158\"><strong>Embalaje<\/strong><\/td>\n<td class=\"et2\" style=\"width: 118.5pt; text-align: center;\" width=\"158\"><strong>Estado f\u00edsico<\/strong><\/td>\n<td class=\"et2\" style=\"width: 118.5pt; text-align: center;\" width=\"158\"><strong>Color<\/strong><\/td>\n<\/tr>\n<tr style=\"height: 44.00pt;\">\n<td class=\"et3\" style=\"height: 44pt; text-align: center;\" height=\"58\">1 gal\u00f3n<\/td>\n<td class=\"et3\" style=\"text-align: center;\">4 Botellas \/ Caja<\/td>\n<td class=\"et3\" style=\"text-align: center;\">L\u00edquido<\/td>\n<td class=\"et3\" style=\"text-align: center;\">Claro<\/td>\n<\/tr>\n<\/tbody>\n<\/table>","protected":false},"excerpt":{"rendered":"<p><strong>Serie de limpiadores Ecoclean<\/strong><\/p>\n<p><strong>Eliminador de adhesivos multiuso<\/strong>eliminan eficazmente una amplia gama de adhesivos de superficies duras y moquetas, ideales para chicles, bet\u00fan, tinta, asfalto, alquitr\u00e1n, residuos de pegatinas y mucho m\u00e1s.<\/p>","protected":false},"featured_media":2261,"comment_status":"closed","ping_status":"closed","template":"","meta":[],"product_brand":[46],"product_cat":[15],"product_tag":[],"class_list":{"0":"post-2260","1":"product","2":"type-product","3":"status-publish","4":"has-post-thumbnail","6":"product_brand-ecoclean","7":"product_cat-chemicals","8":"pa_functions-cleaner","9":"pa_surface-material-artificial-stone","10":"pa_surface-material-carpet","11":"pa_surface-material-ceramic-tiles","12":"pa_surface-material-concrete","13":"pa_surface-material-glass","14":"pa_surface-material-granite","15":"pa_surface-material-marble","16":"pa_surface-material-metal","17":"pa_surface-material-others","18":"pa_surface-material-polished-tile","19":"pa_surface-material-pvc","20":"pa_surface-material-rough-stone","21":"pa_surface-material-special-surface","22":"pa_surface-material-terrazzo","23":"pa_surface-material-vitrified-tile","24":"pa_surface-material-wood","26":"first","27":"instock","28":"shipping-taxable","29":"product-type-simple"},"ct_brands":[{"id":46,"name":"Ecoclean","slug":"ecoclean"}],"_links":{"self":[{"href":"https:\/\/www.kinghomechemicals.com\/es\/wp-json\/wp\/v2\/product\/2260","targetHints":{"allow":["GET"]}}],"collection":[{"href":"https:\/\/www.kinghomechemicals.com\/es\/wp-json\/wp\/v2\/product"}],"about":[{"href":"https:\/\/www.kinghomechemicals.com\/es\/wp-json\/wp\/v2\/types\/product"}],"replies":[{"embeddable":true,"href":"https:\/\/www.kinghomechemicals.com\/es\/wp-json\/wp\/v2\/comments?post=2260"}],"wp:featuredmedia":[{"embeddable":true,"href":"https:\/\/www.kinghomechemicals.com\/es\/wp-json\/wp\/v2\/media\/2261"}],"wp:attachment":[{"href":"https:\/\/www.kinghomechemicals.com\/es\/wp-json\/wp\/v2\/media?parent=2260"}],"wp:term":[{"taxonomy":"product_brand","embeddable":true,"href":"https:\/\/www.kinghomechemicals.com\/es\/wp-json\/wp\/v2\/product_brand?post=2260"},{"taxonomy":"product_cat","embeddable":true,"href":"https:\/\/www.kinghomechemicals.com\/es\/wp-json\/wp\/v2\/product_cat?post=2260"},{"taxonomy":"product_tag","embeddable":true,"href":"https:\/\/www.kinghomechemicals.com\/es\/wp-json\/wp\/v2\/product_tag?post=2260"}],"curies":[{"name":"wp","href":"https:\/\/api.w.org\/{rel}","templated":true}]}}