{"id":2278,"date":"2025-09-09T01:20:17","date_gmt":"2025-09-09T01:20:17","guid":{"rendered":"https:\/\/kinghomechemicals.com\/?post_type=product&#038;p=2278"},"modified":"2025-10-08T03:46:17","modified_gmt":"2025-10-08T03:46:17","slug":"water-spot-remover","status":"publish","type":"product","link":"https:\/\/www.kinghomechemicals.com\/es\/producto\/water-spot-remover","title":{"rendered":"Quitamanchas de agua | Penetra en profundidad, no da\u00f1a el color y protege la base"},"content":{"rendered":"<p>Enriquecido con m\u00faltiples tensioactivos y penetrantes, este quitamanchas de agua penetra profundamente en las superficies de piedra para reaccionar qu\u00edmicamente con las manchas de agua, elimin\u00e1ndolas eficazmente. No afecta al color ni a la transpirabilidad de la piedra, evita su posible deterioro y proporciona una protecci\u00f3n fiable a la base de piedra.<\/p>\n<h5><img fetchpriority=\"high\" decoding=\"async\" class=\"aligncenter wp-image-2279 size-medium\" src=\"https:\/\/kinghomechemicals.com\/http:\/\/kinghomechemicals.com\/wp-content\/uploads\/2025\/09\/\u6613\u5229-\u6c34\u6591\u53bb\u9664\u5242-300x300.jpg\" alt=\"Water Spot Remover\" width=\"300\" height=\"300\" srcset=\"https:\/\/www.kinghomechemicals.com\/wp-content\/uploads\/2025\/09\/\u6613\u5229-\u6c34\u6591\u53bb\u9664\u5242-300x300.jpg 300w, https:\/\/www.kinghomechemicals.com\/wp-content\/uploads\/2025\/09\/\u6613\u5229-\u6c34\u6591\u53bb\u9664\u5242-150x150.jpg 150w, https:\/\/www.kinghomechemicals.com\/wp-content\/uploads\/2025\/09\/\u6613\u5229-\u6c34\u6591\u53bb\u9664\u5242-500x500.jpg 500w, https:\/\/www.kinghomechemicals.com\/wp-content\/uploads\/2025\/09\/\u6613\u5229-\u6c34\u6591\u53bb\u9664\u5242-100x100.jpg 100w, https:\/\/www.kinghomechemicals.com\/wp-content\/uploads\/2025\/09\/\u6613\u5229-\u6c34\u6591\u53bb\u9664\u5242.jpg 713w\" sizes=\"(max-width: 300px) 100vw, 300px\" \/><\/h5>\n<h5>\u00c1mbito de aplicaci\u00f3n:<\/h5>\n<p>Granito, m\u00e1rmol, piedra artificial, etc.<\/p>\n<h5><\/h5>\n<h5>Datos t\u00e9cnicos\uff1a<\/h5>\n<table style=\"border-collapse: collapse; width: 474.02pt;\" border=\"0\" width=\"632\" cellspacing=\"0\" cellpadding=\"0\">\n<tbody>\n<tr style=\"height: 44.00pt;\">\n<td class=\"et2\" style=\"height: 44pt; width: 118.5pt; text-align: center;\" width=\"158\" height=\"58\"><strong>Volumen neto<\/strong><\/td>\n<td class=\"et2\" style=\"width: 118.5pt; text-align: center;\" width=\"158\"><strong>Embalaje<\/strong><\/td>\n<td class=\"et2\" style=\"width: 118.5pt; text-align: center;\" width=\"158\"><strong>Estado f\u00edsico<\/strong><\/td>\n<td class=\"et2\" style=\"width: 118.5pt; text-align: center;\" width=\"158\"><strong>Color<\/strong><\/td>\n<\/tr>\n<tr style=\"height: 44.00pt;\">\n<td class=\"et3\" style=\"height: 44pt; text-align: center;\" height=\"58\">1 gal\u00f3n<\/td>\n<td class=\"et3\" style=\"text-align: center;\">4 Botellas \/ Caja<\/td>\n<td class=\"et3\" style=\"text-align: center;\">L\u00edquido<\/td>\n<td class=\"et3\" style=\"text-align: center;\">Claro<\/td>\n<\/tr>\n<\/tbody>\n<\/table>","protected":false},"excerpt":{"rendered":"<p><strong>Serie de limpiadores Ecoclean<\/strong><\/p>\n<p>Formulado con una rica mezcla de m\u00faltiples tensioactivos y penetrantes, este quitamanchas de agua ofrece un rendimiento excepcional al penetrar profundamente en las superficies de piedra. Se somete a una reacci\u00f3n qu\u00edmica espec\u00edfica con las manchas de agua para erradicarlas eficazmente, sin dejar marcas persistentes.<\/p>","protected":false},"featured_media":2279,"comment_status":"open","ping_status":"closed","template":"","meta":[],"product_brand":[46],"product_cat":[15],"product_tag":[],"class_list":{"0":"post-2278","1":"product","2":"type-product","3":"status-publish","4":"has-post-thumbnail","6":"product_brand-ecoclean","7":"product_cat-chemicals","8":"pa_functions-cleaner","9":"pa_surface-material-artificial-stone","10":"pa_surface-material-granite","11":"pa_surface-material-marble","12":"pa_surface-material-others","14":"first","15":"instock","16":"shipping-taxable","17":"product-type-simple"},"ct_brands":[{"id":46,"name":"Ecoclean","slug":"ecoclean"}],"_links":{"self":[{"href":"https:\/\/www.kinghomechemicals.com\/es\/wp-json\/wp\/v2\/product\/2278","targetHints":{"allow":["GET"]}}],"collection":[{"href":"https:\/\/www.kinghomechemicals.com\/es\/wp-json\/wp\/v2\/product"}],"about":[{"href":"https:\/\/www.kinghomechemicals.com\/es\/wp-json\/wp\/v2\/types\/product"}],"replies":[{"embeddable":true,"href":"https:\/\/www.kinghomechemicals.com\/es\/wp-json\/wp\/v2\/comments?post=2278"}],"wp:featuredmedia":[{"embeddable":true,"href":"https:\/\/www.kinghomechemicals.com\/es\/wp-json\/wp\/v2\/media\/2279"}],"wp:attachment":[{"href":"https:\/\/www.kinghomechemicals.com\/es\/wp-json\/wp\/v2\/media?parent=2278"}],"wp:term":[{"taxonomy":"product_brand","embeddable":true,"href":"https:\/\/www.kinghomechemicals.com\/es\/wp-json\/wp\/v2\/product_brand?post=2278"},{"taxonomy":"product_cat","embeddable":true,"href":"https:\/\/www.kinghomechemicals.com\/es\/wp-json\/wp\/v2\/product_cat?post=2278"},{"taxonomy":"product_tag","embeddable":true,"href":"https:\/\/www.kinghomechemicals.com\/es\/wp-json\/wp\/v2\/product_tag?post=2278"}],"curies":[{"name":"wp","href":"https:\/\/api.w.org\/{rel}","templated":true}]}}