{"id":2287,"date":"2025-09-09T01:32:55","date_gmt":"2025-09-09T01:32:55","guid":{"rendered":"https:\/\/kinghomechemicals.com\/?post_type=product&#038;p=2287"},"modified":"2025-10-08T03:09:00","modified_gmt":"2025-10-08T03:09:00","slug":"marble-rapid-rust-remover","status":"publish","type":"product","link":"https:\/\/www.kinghomechemicals.com\/es\/producto\/marble-rapid-rust-remover","title":{"rendered":"Eliminador r\u00e1pido de \u00f3xido del m\u00e1rmol | Potente borrador de \u00f3xido del m\u00e1rmol, suave con la superficie, duro con las manchas"},"content":{"rendered":"<p>Como eliminador de \u00f3xido de alta oxidaci\u00f3n, <strong>Eliminador r\u00e1pido de \u00f3xido de m\u00e1rmol<\/strong> es adecuado para la limpieza en profundidad del m\u00e1rmol natural. Elimina eficazmente las manchas de \u00f3xido, t\u00e9, amarillo y otras imperfecciones de las superficies de m\u00e1rmol, sin apenas da\u00f1arlas.<\/p>\n<h5><img fetchpriority=\"high\" decoding=\"async\" class=\"aligncenter wp-image-2288 size-medium\" src=\"https:\/\/kinghomechemicals.com\/http:\/\/kinghomechemicals.com\/wp-content\/uploads\/2025\/09\/\u6613\u5229-\u5927\u7406\u77f3\u5feb\u901f\u9664\u9508\u5242-300x300.jpg\" alt=\"Marble Rapid Rust Remover\" width=\"300\" height=\"300\" srcset=\"https:\/\/www.kinghomechemicals.com\/wp-content\/uploads\/2025\/09\/\u6613\u5229-\u5927\u7406\u77f3\u5feb\u901f\u9664\u9508\u5242-300x300.jpg 300w, https:\/\/www.kinghomechemicals.com\/wp-content\/uploads\/2025\/09\/\u6613\u5229-\u5927\u7406\u77f3\u5feb\u901f\u9664\u9508\u5242-150x150.jpg 150w, https:\/\/www.kinghomechemicals.com\/wp-content\/uploads\/2025\/09\/\u6613\u5229-\u5927\u7406\u77f3\u5feb\u901f\u9664\u9508\u5242-500x500.jpg 500w, https:\/\/www.kinghomechemicals.com\/wp-content\/uploads\/2025\/09\/\u6613\u5229-\u5927\u7406\u77f3\u5feb\u901f\u9664\u9508\u5242-100x100.jpg 100w, https:\/\/www.kinghomechemicals.com\/wp-content\/uploads\/2025\/09\/\u6613\u5229-\u5927\u7406\u77f3\u5feb\u901f\u9664\u9508\u5242.jpg 748w\" sizes=\"(max-width: 300px) 100vw, 300px\" \/><\/h5>\n<h5>Datos t\u00e9cnicos\uff1a<\/h5>\n<table width=\"976\">\n<tbody>\n<tr>\n<td style=\"text-align: center;\" width=\"147\"><strong>Volumen neto<\/strong><\/td>\n<td style=\"text-align: center;\" width=\"147\"><strong>Embalaje<\/strong><\/td>\n<td style=\"text-align: center;\" width=\"160\"><strong>Estado f\u00edsico<\/strong><\/td>\n<td style=\"text-align: center;\" width=\"181\"><strong>Color<\/strong><\/td>\n<td style=\"text-align: center;\" width=\"151\"><strong>pH<\/strong><\/td>\n<td style=\"text-align: center;\" width=\"190\"><strong>Peso espec\u00edfico<\/strong><br \/>\n<strong>\u00a0en 20\u2103<\/strong><\/td>\n<\/tr>\n<tr>\n<td style=\"text-align: center;\">1000 ml<\/td>\n<td style=\"text-align: center;\">12 Botellas \/ Caja<\/td>\n<td style=\"text-align: center;\">L\u00edquido<\/td>\n<td style=\"text-align: center;\">Claro<\/td>\n<td style=\"text-align: center;\">pH &lt;2<\/td>\n<td style=\"text-align: center;\">1,10 g\/cm\u00b3<\/td>\n<\/tr>\n<\/tbody>\n<\/table>","protected":false},"excerpt":{"rendered":"<p><strong>Serie de limpiadores Ecoclean<\/strong><\/p>\n<p><strong>Eliminador r\u00e1pido de \u00f3xido de m\u00e1rmol<\/strong> elimina eficazmente las manchas de \u00f3xido, t\u00e9, amarillo y otras imperfecciones de las superficies de m\u00e1rmol, sin apenas da\u00f1arlas.<\/p>","protected":false},"featured_media":2288,"comment_status":"open","ping_status":"closed","template":"","meta":[],"product_brand":[46],"product_cat":[15],"product_tag":[],"class_list":{"0":"post-2287","1":"product","2":"type-product","3":"status-publish","4":"has-post-thumbnail","6":"product_brand-ecoclean","7":"product_cat-chemicals","8":"pa_functions-cleaner","9":"pa_surface-material-marble","11":"first","12":"instock","13":"shipping-taxable","14":"product-type-simple"},"ct_brands":[{"id":46,"name":"Ecoclean","slug":"ecoclean"}],"_links":{"self":[{"href":"https:\/\/www.kinghomechemicals.com\/es\/wp-json\/wp\/v2\/product\/2287","targetHints":{"allow":["GET"]}}],"collection":[{"href":"https:\/\/www.kinghomechemicals.com\/es\/wp-json\/wp\/v2\/product"}],"about":[{"href":"https:\/\/www.kinghomechemicals.com\/es\/wp-json\/wp\/v2\/types\/product"}],"replies":[{"embeddable":true,"href":"https:\/\/www.kinghomechemicals.com\/es\/wp-json\/wp\/v2\/comments?post=2287"}],"wp:featuredmedia":[{"embeddable":true,"href":"https:\/\/www.kinghomechemicals.com\/es\/wp-json\/wp\/v2\/media\/2288"}],"wp:attachment":[{"href":"https:\/\/www.kinghomechemicals.com\/es\/wp-json\/wp\/v2\/media?parent=2287"}],"wp:term":[{"taxonomy":"product_brand","embeddable":true,"href":"https:\/\/www.kinghomechemicals.com\/es\/wp-json\/wp\/v2\/product_brand?post=2287"},{"taxonomy":"product_cat","embeddable":true,"href":"https:\/\/www.kinghomechemicals.com\/es\/wp-json\/wp\/v2\/product_cat?post=2287"},{"taxonomy":"product_tag","embeddable":true,"href":"https:\/\/www.kinghomechemicals.com\/es\/wp-json\/wp\/v2\/product_tag?post=2287"}],"curies":[{"name":"wp","href":"https:\/\/api.w.org\/{rel}","templated":true}]}}