{"id":4429,"date":"2025-12-02T09:00:12","date_gmt":"2025-12-02T09:00:12","guid":{"rendered":"https:\/\/kinghomechemicals.com\/?post_type=product&#038;p=4429"},"modified":"2025-12-02T09:30:20","modified_gmt":"2025-12-02T09:30:20","slug":"karcher-brc-30-15-c","status":"publish","type":"product","link":"https:\/\/www.kinghomechemicals.com\/es\/producto\/karcher-brc-30-15-c","title":{"rendered":"K\u00e4rcher Limpiador de Alfombras BRC 30\/15 C | Potente, Port\u00e1til y Preciso Limpiador de Alfombras"},"content":{"rendered":"<p>La BRC 30\/15 C es una m\u00e1quina compacta de limpieza de moquetas dise\u00f1ada para la aspiraci\u00f3n r\u00e1pida y econ\u00f3mica de superficies peque\u00f1as de entre 200 y 800 m\u00b2. Destaca en la limpieza en profundidad de alfombras, incluso en superficies irregulares, gracias a su cepillo de rodillo flotante que garantiza una limpieza uniforme y revitaliza las fibras de la alfombra para que tengan un aspecto fresco. Esta m\u00e1quina tambi\u00e9n es vers\u00e1til, adecuada para la limpieza intermedia de alfombras cuando se utiliza con un spray previo del agente limpiador I-Capsolation, as\u00ed como para la eliminaci\u00f3n selectiva de manchas. Su tama\u00f1o compacto hace que sea f\u00e1cil de transportar y almacenar a la vez que ofrece un potente rendimiento de limpieza.<\/p>\n<p><img fetchpriority=\"high\" decoding=\"async\" class=\"alignnone wp-image-4430 size-medium\" src=\"https:\/\/kinghomechemicals.com\/http:\/\/kinghomechemicals.com\/wp-content\/uploads\/2025\/12\/1-1-300x300.png\" alt=\"K\u00e4rcher Carpet Cleaner BRC 30\/15 C\" width=\"300\" height=\"300\" srcset=\"https:\/\/www.kinghomechemicals.com\/wp-content\/uploads\/2025\/12\/1-1-300x300.png 300w, https:\/\/www.kinghomechemicals.com\/wp-content\/uploads\/2025\/12\/1-1-1024x1024.png 1024w, https:\/\/www.kinghomechemicals.com\/wp-content\/uploads\/2025\/12\/1-1-150x150.png 150w, https:\/\/www.kinghomechemicals.com\/wp-content\/uploads\/2025\/12\/1-1-768x768.png 768w, https:\/\/www.kinghomechemicals.com\/wp-content\/uploads\/2025\/12\/1-1-12x12.png 12w, https:\/\/www.kinghomechemicals.com\/wp-content\/uploads\/2025\/12\/1-1-500x500.png 500w, https:\/\/www.kinghomechemicals.com\/wp-content\/uploads\/2025\/12\/1-1-800x800.png 800w, https:\/\/www.kinghomechemicals.com\/wp-content\/uploads\/2025\/12\/1-1-100x100.png 100w, https:\/\/www.kinghomechemicals.com\/wp-content\/uploads\/2025\/12\/1-1.png 1298w\" sizes=\"(max-width: 300px) 100vw, 300px\" \/> <img decoding=\"async\" class=\"alignnone wp-image-4432 size-medium\" src=\"https:\/\/kinghomechemicals.com\/http:\/\/kinghomechemicals.com\/wp-content\/uploads\/2025\/12\/3-272x300.jpg\" alt=\"K\u00e4rcher Carpet Cleaner BRC 30\/15 C\" width=\"272\" height=\"300\" srcset=\"https:\/\/www.kinghomechemicals.com\/wp-content\/uploads\/2025\/12\/3-272x300.jpg 272w, https:\/\/www.kinghomechemicals.com\/wp-content\/uploads\/2025\/12\/3-927x1024.jpg 927w, https:\/\/www.kinghomechemicals.com\/wp-content\/uploads\/2025\/12\/3-768x848.jpg 768w, https:\/\/www.kinghomechemicals.com\/wp-content\/uploads\/2025\/12\/3-11x12.jpg 11w, https:\/\/www.kinghomechemicals.com\/wp-content\/uploads\/2025\/12\/3-500x552.jpg 500w, https:\/\/www.kinghomechemicals.com\/wp-content\/uploads\/2025\/12\/3-800x883.jpg 800w, https:\/\/www.kinghomechemicals.com\/wp-content\/uploads\/2025\/12\/3.jpg 1200w\" sizes=\"(max-width: 272px) 100vw, 272px\" \/> <img decoding=\"async\" class=\"alignnone wp-image-4431 size-medium\" src=\"https:\/\/kinghomechemicals.com\/http:\/\/kinghomechemicals.com\/wp-content\/uploads\/2025\/12\/2-300x300.jpg\" alt=\"K\u00e4rcher Carpet Cleaner BRC 30\/15 C\" width=\"300\" height=\"300\" srcset=\"https:\/\/www.kinghomechemicals.com\/wp-content\/uploads\/2025\/12\/2-300x300.jpg 300w, https:\/\/www.kinghomechemicals.com\/wp-content\/uploads\/2025\/12\/2-1024x1024.jpg 1024w, https:\/\/www.kinghomechemicals.com\/wp-content\/uploads\/2025\/12\/2-150x150.jpg 150w, https:\/\/www.kinghomechemicals.com\/wp-content\/uploads\/2025\/12\/2-768x768.jpg 768w, https:\/\/www.kinghomechemicals.com\/wp-content\/uploads\/2025\/12\/2-12x12.jpg 12w, https:\/\/www.kinghomechemicals.com\/wp-content\/uploads\/2025\/12\/2-500x500.jpg 500w, https:\/\/www.kinghomechemicals.com\/wp-content\/uploads\/2025\/12\/2-800x800.jpg 800w, https:\/\/www.kinghomechemicals.com\/wp-content\/uploads\/2025\/12\/2-100x100.jpg 100w, https:\/\/www.kinghomechemicals.com\/wp-content\/uploads\/2025\/12\/2.jpg 1200w\" sizes=\"(max-width: 300px) 100vw, 300px\" \/><\/p>\n<h4><strong><b>Caracter\u00edsticas y ventajas<\/b><\/strong><\/h4>\n<h5><strong><b>Potente rendimiento de limpieza<\/b><\/strong><\/h5>\n<ul>\n<li>El cepillo de rodillo facilita la limpieza en profundidad de las fibras.<\/li>\n<li>Cepillo de rodillo flotante para una limpieza uniforme.<\/li>\n<li>Las fibras se alinean y garantizan un aspecto uniforme.<\/li>\n<\/ul>\n<h5><strong><b>Dimensiones compactas<\/b><\/strong><\/h5>\n<ul>\n<li>Ideal para superficies de entre 200 y 800 m\u00b2.<\/li>\n<li>F\u00e1cil de guardar.<\/li>\n<li>F\u00e1cil de transportar.<\/li>\n<\/ul>\n<p><img loading=\"lazy\" decoding=\"async\" class=\"alignnone wp-image-4436 size-medium\" src=\"https:\/\/kinghomechemicals.com\/http:\/\/kinghomechemicals.com\/wp-content\/uploads\/2025\/12\/8-300x200.jpg\" alt=\"K\u00e4rcher Carpet Cleaner BRC 30\/15 C\" width=\"300\" height=\"200\" srcset=\"https:\/\/www.kinghomechemicals.com\/wp-content\/uploads\/2025\/12\/8-300x200.jpg 300w, https:\/\/www.kinghomechemicals.com\/wp-content\/uploads\/2025\/12\/8-1024x683.jpg 1024w, https:\/\/www.kinghomechemicals.com\/wp-content\/uploads\/2025\/12\/8-768x512.jpg 768w, https:\/\/www.kinghomechemicals.com\/wp-content\/uploads\/2025\/12\/8-18x12.jpg 18w, https:\/\/www.kinghomechemicals.com\/wp-content\/uploads\/2025\/12\/8-500x333.jpg 500w, https:\/\/www.kinghomechemicals.com\/wp-content\/uploads\/2025\/12\/8-800x533.jpg 800w, https:\/\/www.kinghomechemicals.com\/wp-content\/uploads\/2025\/12\/8.jpg 1200w\" sizes=\"(max-width: 300px) 100vw, 300px\" \/> <img loading=\"lazy\" decoding=\"async\" class=\"alignnone wp-image-4435 size-medium\" src=\"https:\/\/kinghomechemicals.com\/http:\/\/kinghomechemicals.com\/wp-content\/uploads\/2025\/12\/6-300x200.jpg\" alt=\"K\u00e4rcher Carpet Cleaner BRC 30\/15 C\" width=\"300\" height=\"200\" srcset=\"https:\/\/www.kinghomechemicals.com\/wp-content\/uploads\/2025\/12\/6-300x200.jpg 300w, https:\/\/www.kinghomechemicals.com\/wp-content\/uploads\/2025\/12\/6-1024x683.jpg 1024w, https:\/\/www.kinghomechemicals.com\/wp-content\/uploads\/2025\/12\/6-768x512.jpg 768w, https:\/\/www.kinghomechemicals.com\/wp-content\/uploads\/2025\/12\/6-18x12.jpg 18w, https:\/\/www.kinghomechemicals.com\/wp-content\/uploads\/2025\/12\/6-500x333.jpg 500w, https:\/\/www.kinghomechemicals.com\/wp-content\/uploads\/2025\/12\/6-800x533.jpg 800w, https:\/\/www.kinghomechemicals.com\/wp-content\/uploads\/2025\/12\/6.jpg 1200w\" sizes=\"(max-width: 300px) 100vw, 300px\" \/> <img loading=\"lazy\" decoding=\"async\" class=\"alignnone wp-image-4433 size-medium\" src=\"https:\/\/kinghomechemicals.com\/http:\/\/kinghomechemicals.com\/wp-content\/uploads\/2025\/12\/5-300x200.jpg\" alt=\"K\u00e4rcher Carpet Cleaner BRC 30\/15 C\" width=\"300\" height=\"200\" srcset=\"https:\/\/www.kinghomechemicals.com\/wp-content\/uploads\/2025\/12\/5-300x200.jpg 300w, https:\/\/www.kinghomechemicals.com\/wp-content\/uploads\/2025\/12\/5-1024x683.jpg 1024w, https:\/\/www.kinghomechemicals.com\/wp-content\/uploads\/2025\/12\/5-768x512.jpg 768w, https:\/\/www.kinghomechemicals.com\/wp-content\/uploads\/2025\/12\/5-18x12.jpg 18w, https:\/\/www.kinghomechemicals.com\/wp-content\/uploads\/2025\/12\/5-500x333.jpg 500w, https:\/\/www.kinghomechemicals.com\/wp-content\/uploads\/2025\/12\/5-800x533.jpg 800w, https:\/\/www.kinghomechemicals.com\/wp-content\/uploads\/2025\/12\/5.jpg 1200w\" sizes=\"(max-width: 300px) 100vw, 300px\" \/><\/p>\n<h5><strong><b>Datos t\u00e9cnicos<\/b><\/strong><\/h5>\n<table class=\"is-zebra hight-light-first-column all magic-23\">\n<tbody>\n<tr>\n<td colspan=\"1\" rowspan=\"1\">\n<div class=\"magic-24\"><b data-spm-anchor-id=\"a2700.pc-decorate.0.i353.4f813333plsB2m\"><span class=\"magic-10\" style=\"font-family: Georgia;\" data-spm-anchor-id=\"a2700.details-description.0.i1.5340votdvotdaw\">Rendimiento por superficie (m\u00b2\/h)<\/span><\/b><\/div>\n<\/td>\n<td colspan=\"1\" rowspan=\"1\">\n<div class=\"magic-25\"><span class=\"magic-10\" style=\"font-family: Georgia;\">150<\/span><\/div>\n<\/td>\n<\/tr>\n<tr>\n<td colspan=\"1\" rowspan=\"1\">\n<div class=\"magic-24\"><span style=\"font-family: Georgia;\"><b data-spm-anchor-id=\"0.0.0.i3.5dc24f05d8UwSU\">Caudal de aire (L\/s)<\/b><\/span><\/div>\n<\/td>\n<td colspan=\"1\" rowspan=\"1\">\n<div class=\"magic-25\"><span style=\"font-family: Georgia;\">46<\/span><\/div>\n<\/td>\n<\/tr>\n<tr>\n<td colspan=\"1\" rowspan=\"1\">\n<div class=\"magic-24\" data-spm-anchor-id=\"a2700.details-description.0.i2.5340votdvotdaw\"><b data-spm-anchor-id=\"0.0.0.i3.5dc24f05AxZvxl\"><span class=\"magic-10\" style=\"font-family: Georgia;\">Vac\u00edo (mbar\/kPa)<\/span><\/b><\/div>\n<\/td>\n<td colspan=\"1\" rowspan=\"1\">\n<div class=\"magic-25\"><span class=\"magic-10\" style=\"font-family: Georgia;\">300 \/ 30<\/span><\/div>\n<\/td>\n<\/tr>\n<tr>\n<td colspan=\"1\" rowspan=\"1\">\n<div class=\"magic-24\"><b data-spm-anchor-id=\"a2700.pc-decorate.0.i359.4f813333plsB2m\"><span class=\"magic-10\" style=\"font-family: Georgia;\">Presi\u00f3n de pulverizaci\u00f3n para limpieza profunda (bar)<\/span><\/b><\/div>\n<\/td>\n<td colspan=\"1\" rowspan=\"1\">\n<div class=\"magic-25\"><span style=\"font-family: Georgia;\">3.5<\/span><\/div>\n<\/td>\n<\/tr>\n<tr>\n<td colspan=\"1\" rowspan=\"1\">\n<div class=\"magic-24\"><b data-spm-anchor-id=\"a2700.pc-decorate.0.i362.4f813333plsB2m\"><span class=\"magic-10\" style=\"font-family: Georgia;\">Caudal de pulverizaci\u00f3n para limpieza profunda (L\/min)<\/span><\/b><\/div>\n<\/td>\n<td colspan=\"1\" rowspan=\"1\">\n<div class=\"magic-25\"><span style=\"font-family: Georgia;\">1<\/span><\/div>\n<\/td>\n<\/tr>\n<tr>\n<td colspan=\"1\" rowspan=\"1\">\n<div class=\"magic-24\"><b data-spm-anchor-id=\"a2700.pc-decorate.0.i368.4f813333plsB2m\"><span class=\"magic-10\" style=\"font-family: Georgia;\">Anchura de trabajo, aspiraci\u00f3n (mm)<\/span><\/b><\/div>\n<\/td>\n<td colspan=\"1\" rowspan=\"1\">\n<div class=\"magic-25\"><span class=\"magic-10\" style=\"font-family: Georgia;\">315<\/span><\/div>\n<\/td>\n<\/tr>\n<tr>\n<td colspan=\"1\" rowspan=\"1\">\n<div class=\"magic-24\"><b data-spm-anchor-id=\"a2700.pc-decorate.0.i370.4f813333plsB2m\"><span class=\"magic-10\" style=\"font-family: Georgia;\">Dep\u00f3sito de agua limpia\/sucia (L)<\/span><\/b><\/div>\n<\/td>\n<td colspan=\"1\" rowspan=\"1\">\n<div class=\"magic-25\"><span class=\"magic-10\" style=\"font-family: Georgia;\">15 \/ 17<\/span><\/div>\n<\/td>\n<\/tr>\n<tr>\n<td colspan=\"1\" rowspan=\"1\">\n<div class=\"magic-24\"><b data-spm-anchor-id=\"a2700.pc-decorate.0.i227.64da3333ZbkGUR\"><span class=\"magic-10\" style=\"font-family: Georgia;\">Potencia de la turbina (W)<\/span><\/b><\/div>\n<\/td>\n<td colspan=\"1\" rowspan=\"1\">\n<div class=\"magic-25\"><span style=\"font-family: Georgia;\">1130<\/span><\/div>\n<\/td>\n<\/tr>\n<tr>\n<td colspan=\"1\" rowspan=\"1\">\n<div class=\"magic-24\"><b data-spm-anchor-id=\"a2700.pc-decorate.0.i258.64da3333ZbkGUR\"><span class=\"magic-10\" style=\"font-family: Georgia;\">Potencia del motor de escobillas (W)<\/span><\/b><\/div>\n<\/td>\n<td colspan=\"1\" rowspan=\"1\">\n<div class=\"magic-25\"><span style=\"font-family: Georgia;\">76<\/span><\/div>\n<\/td>\n<\/tr>\n<tr>\n<td colspan=\"1\" rowspan=\"1\">\n<div class=\"magic-24\"><b data-spm-anchor-id=\"a2700.pc-decorate.0.i372.4f813333plsB2m\"><span class=\"magic-10\" style=\"font-family: Georgia;\">Peso sin accesorios (kg)<\/span><\/b><\/div>\n<\/td>\n<td colspan=\"1\" rowspan=\"1\">\n<div class=\"magic-25\"><span style=\"font-family: Georgia;\">36<\/span><\/div>\n<\/td>\n<\/tr>\n<tr>\n<td colspan=\"1\" rowspan=\"1\">\n<div class=\"magic-24\"><span class=\"magic-10\" style=\"font-family: Georgia;\"><b data-spm-anchor-id=\"a2700.pc-decorate.0.i235.33d33333MKhgDQ\">Dimensiones (L \u00d7 A \u00d7 A) (mm)<\/b><\/span><\/div>\n<\/td>\n<td colspan=\"1\" rowspan=\"1\">\n<div class=\"magic-25\"><span style=\"font-family: Georgia;\">920 x 360 x 750<\/span><\/div>\n<\/td>\n<\/tr>\n<\/tbody>\n<\/table>","protected":false},"excerpt":{"rendered":"<p class=\"my-2 [&amp;+p]:mt-4 [&amp;_strong:has(+br)]:inline-block [&amp;_strong:has(+br)]:pb-2\">La BRC 30\/15 C de K\u00e4rcher ofrece una limpieza potente y profunda de alfombras para superficies peque\u00f1as y medianas de hasta 800 m\u00b2. Su cepillo flotante se adapta a superficies irregulares para obtener resultados uniformes. Ideal para la eliminaci\u00f3n selectiva de manchas y la limpieza intermedia con el prespray I-Capsolation, es compacta, vers\u00e1til y econ\u00f3mica para cualquier necesidad de limpieza.<\/p>","protected":false},"featured_media":4430,"comment_status":"closed","ping_status":"closed","template":"","meta":[],"product_brand":[48],"product_cat":[51],"product_tag":[],"class_list":{"0":"post-4429","1":"product","2":"type-product","3":"status-publish","4":"has-post-thumbnail","6":"product_brand-karcher","7":"product_cat-machines","8":"pa_functions-cleaning-machine","10":"first","11":"instock","12":"shipping-taxable","13":"product-type-simple"},"ct_brands":[{"id":48,"name":"K\u00e4rcher","slug":"karcher"}],"_links":{"self":[{"href":"https:\/\/www.kinghomechemicals.com\/es\/wp-json\/wp\/v2\/product\/4429","targetHints":{"allow":["GET"]}}],"collection":[{"href":"https:\/\/www.kinghomechemicals.com\/es\/wp-json\/wp\/v2\/product"}],"about":[{"href":"https:\/\/www.kinghomechemicals.com\/es\/wp-json\/wp\/v2\/types\/product"}],"replies":[{"embeddable":true,"href":"https:\/\/www.kinghomechemicals.com\/es\/wp-json\/wp\/v2\/comments?post=4429"}],"wp:featuredmedia":[{"embeddable":true,"href":"https:\/\/www.kinghomechemicals.com\/es\/wp-json\/wp\/v2\/media\/4430"}],"wp:attachment":[{"href":"https:\/\/www.kinghomechemicals.com\/es\/wp-json\/wp\/v2\/media?parent=4429"}],"wp:term":[{"taxonomy":"product_brand","embeddable":true,"href":"https:\/\/www.kinghomechemicals.com\/es\/wp-json\/wp\/v2\/product_brand?post=4429"},{"taxonomy":"product_cat","embeddable":true,"href":"https:\/\/www.kinghomechemicals.com\/es\/wp-json\/wp\/v2\/product_cat?post=4429"},{"taxonomy":"product_tag","embeddable":true,"href":"https:\/\/www.kinghomechemicals.com\/es\/wp-json\/wp\/v2\/product_tag?post=4429"}],"curies":[{"name":"wp","href":"https:\/\/api.w.org\/{rel}","templated":true}]}}