{"id":4442,"date":"2025-12-03T03:43:06","date_gmt":"2025-12-03T03:43:06","guid":{"rendered":"https:\/\/kinghomechemicals.com\/?post_type=product&#038;p=4442"},"modified":"2025-12-03T03:58:42","modified_gmt":"2025-12-03T03:58:42","slug":"karcher-puzzi-10-1","status":"publish","type":"product","link":"https:\/\/www.kinghomechemicals.com\/es\/producto\/karcher-puzzi-10-1","title":{"rendered":"K\u00e4rcher Puzzi 10\/1 Spray Extraction Cleaner | Potente succi\u00f3n para alfombras e interiores de veh\u00edculos impecables"},"content":{"rendered":"<p>La limpiadora de extracci\u00f3n por pulverizaci\u00f3n Puzzi 10\/1 de K\u00e4rcher viene de serie con una boquilla para alfombras de 240 mm y una boquilla para tapicer\u00edas para la pistola de pulverizaci\u00f3n\/aspiraci\u00f3n, ideal para la limpieza en profundidad de tapicer\u00edas, alfombras y superficies textiles. Pulveriza la soluci\u00f3n limpiadora en las fibras y extrae la suciedad con una potente succi\u00f3n, ofreciendo resultados higi\u00e9nicos y una humedad residual m\u00ednima para una r\u00e1pida reutilizaci\u00f3n.<\/p>\n<p>Su dise\u00f1o robusto y compacto garantiza durabilidad y rentabilidad para los profesionales de los servicios de edificios, hoteles o interiores de veh\u00edculos. Las boquillas transparentes de la tapa, el tapizado y el suelo permiten ver el agua sucia; los grandes botones de pie\/manuales mejoran la facilidad de uso; el gancho para cables integrado y el almacenamiento de accesorios simplifican el transporte y el mantenimiento.<\/p>\n<h5><img fetchpriority=\"high\" decoding=\"async\" class=\"aligncenter wp-image-4443 size-medium\" src=\"https:\/\/kinghomechemicals.com\/http:\/\/kinghomechemicals.com\/wp-content\/uploads\/2025\/12\/2-300x300.png\" alt=\"K\u00e4rcher Puzzi 10\/1 Spray Extraction Cleaner\" width=\"300\" height=\"300\" srcset=\"https:\/\/www.kinghomechemicals.com\/wp-content\/uploads\/2025\/12\/2-300x300.png 300w, https:\/\/www.kinghomechemicals.com\/wp-content\/uploads\/2025\/12\/2-1024x1024.png 1024w, https:\/\/www.kinghomechemicals.com\/wp-content\/uploads\/2025\/12\/2-150x150.png 150w, https:\/\/www.kinghomechemicals.com\/wp-content\/uploads\/2025\/12\/2-768x768.png 768w, https:\/\/www.kinghomechemicals.com\/wp-content\/uploads\/2025\/12\/2-12x12.png 12w, https:\/\/www.kinghomechemicals.com\/wp-content\/uploads\/2025\/12\/2-500x500.png 500w, https:\/\/www.kinghomechemicals.com\/wp-content\/uploads\/2025\/12\/2-800x800.png 800w, https:\/\/www.kinghomechemicals.com\/wp-content\/uploads\/2025\/12\/2-100x100.png 100w, https:\/\/www.kinghomechemicals.com\/wp-content\/uploads\/2025\/12\/2.png 1291w\" sizes=\"(max-width: 300px) 100vw, 300px\" \/><\/h5>\n<h4><strong>Caracter\u00edsticas del producto<\/strong><\/h4>\n<ul>\n<li><strong><b>Excelente rendimiento de limpieza<\/b><\/strong><\/li>\n<\/ul>\n<p>Perfecta limpieza en profundidad de superficies textiles. El secado r\u00e1pido permite volver a utilizar r\u00e1pidamente las superficies gracias a la excelente capacidad de succi\u00f3n trasera. Excelente resultado de limpieza con un efecto antes y despu\u00e9s visible.<\/p>\n<ul>\n<li><strong><b>Calidad profesional: extremadamente robusta y duradera<\/b><\/strong><\/li>\n<\/ul>\n<p>Bomba eficiente con una larga vida \u00fatil. Turbina potente con excelente rendimiento de aspiraci\u00f3n trasera. Dise\u00f1o robusto y parachoques que protegen la m\u00e1quina de golpes y ca\u00eddas.<\/p>\n<ul>\n<li><strong><b>Completo juego de accesorios para la limpieza de alfombras<\/b><\/strong><\/li>\n<\/ul>\n<p>Labio de aspiraci\u00f3n flexible para un \u00e1ngulo de aspiraci\u00f3n \u00f3ptimo y los mejores resultados de secado. Boquilla para suelos de 240 mm de ancho con tubo de pulverizaci\u00f3n\/aspiraci\u00f3n integrado. Empu\u00f1adura ergon\u00f3mica a dos manos para mayor comodidad del usuario.<\/p>\n<h6><img decoding=\"async\" class=\"alignnone wp-image-4444 size-medium\" src=\"https:\/\/kinghomechemicals.com\/http:\/\/kinghomechemicals.com\/wp-content\/uploads\/2025\/12\/11-300x300.jpg\" alt=\"K\u00e4rcher Puzzi 10\/1 Spray Extraction Cleaner\" width=\"300\" height=\"300\" srcset=\"https:\/\/www.kinghomechemicals.com\/wp-content\/uploads\/2025\/12\/11-300x300.jpg 300w, https:\/\/www.kinghomechemicals.com\/wp-content\/uploads\/2025\/12\/11-1024x1024.jpg 1024w, https:\/\/www.kinghomechemicals.com\/wp-content\/uploads\/2025\/12\/11-150x150.jpg 150w, https:\/\/www.kinghomechemicals.com\/wp-content\/uploads\/2025\/12\/11-768x768.jpg 768w, https:\/\/www.kinghomechemicals.com\/wp-content\/uploads\/2025\/12\/11-1536x1536.jpg 1536w, https:\/\/www.kinghomechemicals.com\/wp-content\/uploads\/2025\/12\/11-12x12.jpg 12w, https:\/\/www.kinghomechemicals.com\/wp-content\/uploads\/2025\/12\/11-500x500.jpg 500w, https:\/\/www.kinghomechemicals.com\/wp-content\/uploads\/2025\/12\/11-800x800.jpg 800w, https:\/\/www.kinghomechemicals.com\/wp-content\/uploads\/2025\/12\/11-100x100.jpg 100w, https:\/\/www.kinghomechemicals.com\/wp-content\/uploads\/2025\/12\/11.jpg 2000w\" sizes=\"(max-width: 300px) 100vw, 300px\" \/> <img decoding=\"async\" class=\"alignnone wp-image-4445 size-medium\" src=\"https:\/\/kinghomechemicals.com\/http:\/\/kinghomechemicals.com\/wp-content\/uploads\/2025\/12\/12-300x300.jpg\" alt=\"K\u00e4rcher Puzzi 10\/1 Spray Extraction Cleaner\" width=\"300\" height=\"300\" srcset=\"https:\/\/www.kinghomechemicals.com\/wp-content\/uploads\/2025\/12\/12-300x300.jpg 300w, https:\/\/www.kinghomechemicals.com\/wp-content\/uploads\/2025\/12\/12-1024x1024.jpg 1024w, https:\/\/www.kinghomechemicals.com\/wp-content\/uploads\/2025\/12\/12-150x150.jpg 150w, https:\/\/www.kinghomechemicals.com\/wp-content\/uploads\/2025\/12\/12-768x768.jpg 768w, https:\/\/www.kinghomechemicals.com\/wp-content\/uploads\/2025\/12\/12-1536x1536.jpg 1536w, https:\/\/www.kinghomechemicals.com\/wp-content\/uploads\/2025\/12\/12-12x12.jpg 12w, https:\/\/www.kinghomechemicals.com\/wp-content\/uploads\/2025\/12\/12-500x500.jpg 500w, https:\/\/www.kinghomechemicals.com\/wp-content\/uploads\/2025\/12\/12-800x800.jpg 800w, https:\/\/www.kinghomechemicals.com\/wp-content\/uploads\/2025\/12\/12-100x100.jpg 100w, https:\/\/www.kinghomechemicals.com\/wp-content\/uploads\/2025\/12\/12.jpg 2000w\" sizes=\"(max-width: 300px) 100vw, 300px\" \/> <img loading=\"lazy\" decoding=\"async\" class=\"alignnone wp-image-4446 size-medium\" src=\"https:\/\/kinghomechemicals.com\/http:\/\/kinghomechemicals.com\/wp-content\/uploads\/2025\/12\/13-300x300.jpg\" alt=\"K\u00e4rcher Puzzi 10\/1 Spray Extraction Cleaner\" width=\"300\" height=\"300\" srcset=\"https:\/\/www.kinghomechemicals.com\/wp-content\/uploads\/2025\/12\/13-300x300.jpg 300w, https:\/\/www.kinghomechemicals.com\/wp-content\/uploads\/2025\/12\/13-1024x1024.jpg 1024w, https:\/\/www.kinghomechemicals.com\/wp-content\/uploads\/2025\/12\/13-150x150.jpg 150w, https:\/\/www.kinghomechemicals.com\/wp-content\/uploads\/2025\/12\/13-768x768.jpg 768w, https:\/\/www.kinghomechemicals.com\/wp-content\/uploads\/2025\/12\/13-1536x1536.jpg 1536w, https:\/\/www.kinghomechemicals.com\/wp-content\/uploads\/2025\/12\/13-12x12.jpg 12w, https:\/\/www.kinghomechemicals.com\/wp-content\/uploads\/2025\/12\/13-500x500.jpg 500w, https:\/\/www.kinghomechemicals.com\/wp-content\/uploads\/2025\/12\/13-800x800.jpg 800w, https:\/\/www.kinghomechemicals.com\/wp-content\/uploads\/2025\/12\/13-100x100.jpg 100w, https:\/\/www.kinghomechemicals.com\/wp-content\/uploads\/2025\/12\/13.jpg 2000w\" sizes=\"(max-width: 300px) 100vw, 300px\" \/><\/h6>\n<h5><strong><b>Pr\u00e1ctica boquilla para tapicer\u00edas<\/b><\/strong><\/h5>\n<ul>\n<li>Limpieza f\u00e1cil y a fondo de tapicer\u00edas y muebles tapizados.<\/li>\n<li>Perfecto para la limpieza interior de veh\u00edculos.<\/li>\n<li>Boquilla de 110 mil\u00edmetros de ancho para insertar en la pistola de pulverizaci\u00f3n\/aspiraci\u00f3n.<\/li>\n<\/ul>\n<h5><strong><b>Contenedor 2 en 1 extra\u00edble e inteligente<\/b><\/strong><\/h5>\n<ul>\n<li>Llenado r\u00e1pido y sencillo del dep\u00f3sito de agua dulce.<\/li>\n<li>C\u00f3modo y sencillo para eliminar el agua sucia.<\/li>\n<\/ul>\n<h5><strong><b>F\u00e1cil de manejar gracias a dos grandes pulsadores<\/b><\/strong><\/h5>\n<ul>\n<li>Sin necesidad de agacharse: pedal de encendido\/apagado para mayor rapidez y facilidad de uso.<\/li>\n<li>M\u00e9todo r\u00e1pido de 1 paso: pulverizaci\u00f3n y aspiraci\u00f3n combinadas en una sola operaci\u00f3n.<\/li>\n<li>M\u00e9todo en 2 pasos: Pulverizar sobre las fibras, dejar actuar y aspirar.<\/li>\n<\/ul>\n<h5><img loading=\"lazy\" decoding=\"async\" class=\"alignnone wp-image-4447 size-medium\" src=\"https:\/\/kinghomechemicals.com\/http:\/\/kinghomechemicals.com\/wp-content\/uploads\/2025\/12\/7-300x198.jpg\" alt=\"K\u00e4rcher Puzzi 10\/1 Spray Extraction Cleaner\" width=\"300\" height=\"198\" srcset=\"https:\/\/www.kinghomechemicals.com\/wp-content\/uploads\/2025\/12\/7-300x198.jpg 300w, https:\/\/www.kinghomechemicals.com\/wp-content\/uploads\/2025\/12\/7-1024x674.jpg 1024w, https:\/\/www.kinghomechemicals.com\/wp-content\/uploads\/2025\/12\/7-768x506.jpg 768w, https:\/\/www.kinghomechemicals.com\/wp-content\/uploads\/2025\/12\/7-18x12.jpg 18w, https:\/\/www.kinghomechemicals.com\/wp-content\/uploads\/2025\/12\/7-500x329.jpg 500w, https:\/\/www.kinghomechemicals.com\/wp-content\/uploads\/2025\/12\/7-800x527.jpg 800w, https:\/\/www.kinghomechemicals.com\/wp-content\/uploads\/2025\/12\/7.jpg 1200w\" sizes=\"(max-width: 300px) 100vw, 300px\" \/> <img loading=\"lazy\" decoding=\"async\" class=\"alignnone wp-image-4448 size-medium\" src=\"https:\/\/kinghomechemicals.com\/http:\/\/kinghomechemicals.com\/wp-content\/uploads\/2025\/12\/8-1-300x193.jpg\" alt=\"K\u00e4rcher Puzzi 10\/1 Spray Extraction Cleaner\" width=\"300\" height=\"193\" srcset=\"https:\/\/www.kinghomechemicals.com\/wp-content\/uploads\/2025\/12\/8-1-300x193.jpg 300w, https:\/\/www.kinghomechemicals.com\/wp-content\/uploads\/2025\/12\/8-1-1024x658.jpg 1024w, https:\/\/www.kinghomechemicals.com\/wp-content\/uploads\/2025\/12\/8-1-768x493.jpg 768w, https:\/\/www.kinghomechemicals.com\/wp-content\/uploads\/2025\/12\/8-1-18x12.jpg 18w, https:\/\/www.kinghomechemicals.com\/wp-content\/uploads\/2025\/12\/8-1-500x321.jpg 500w, https:\/\/www.kinghomechemicals.com\/wp-content\/uploads\/2025\/12\/8-1-800x514.jpg 800w, https:\/\/www.kinghomechemicals.com\/wp-content\/uploads\/2025\/12\/8-1.jpg 1200w\" sizes=\"(max-width: 300px) 100vw, 300px\" \/> <img loading=\"lazy\" decoding=\"async\" class=\"alignnone wp-image-4449 size-medium\" src=\"https:\/\/kinghomechemicals.com\/http:\/\/kinghomechemicals.com\/wp-content\/uploads\/2025\/12\/9-300x190.jpg\" alt=\"K\u00e4rcher Puzzi 10\/1 Spray Extraction Cleaner\" width=\"300\" height=\"190\" srcset=\"https:\/\/www.kinghomechemicals.com\/wp-content\/uploads\/2025\/12\/9-300x190.jpg 300w, https:\/\/www.kinghomechemicals.com\/wp-content\/uploads\/2025\/12\/9-1024x647.jpg 1024w, https:\/\/www.kinghomechemicals.com\/wp-content\/uploads\/2025\/12\/9-768x485.jpg 768w, https:\/\/www.kinghomechemicals.com\/wp-content\/uploads\/2025\/12\/9-18x12.jpg 18w, https:\/\/www.kinghomechemicals.com\/wp-content\/uploads\/2025\/12\/9-500x316.jpg 500w, https:\/\/www.kinghomechemicals.com\/wp-content\/uploads\/2025\/12\/9-800x505.jpg 800w, https:\/\/www.kinghomechemicals.com\/wp-content\/uploads\/2025\/12\/9.jpg 1200w\" sizes=\"(max-width: 300px) 100vw, 300px\" \/><\/h5>\n<h5><strong><b>Grandes ruedas traseras y rodillos de direcci\u00f3n flexibles a 360<\/b><\/strong><\/h5>\n<ul>\n<li>F\u00e1cil maniobrabilidad incluso en superficies irregulares.<\/li>\n<li>Especialmente manejable y flexible para limpiar.<\/li>\n<\/ul>\n<h5><strong><b>Gancho para cable<\/b><\/strong><\/h5>\n<ul>\n<li>Para guardar el cable de alimentaci\u00f3n de forma segura.<\/li>\n<li>Pr\u00e1ctico y protege los cables.<\/li>\n<li>La m\u00e1quina se puede transportar y almacenar f\u00e1cil y c\u00f3modamente.<\/li>\n<\/ul>\n<h5><strong><b>Almacenamiento integrado para la boquilla de tapicer\u00eda y la boquilla de alfombras<\/b><\/strong><\/h5>\n<ul>\n<li>Gracias al dise\u00f1o de clip, la boquilla para tapicer\u00edas est\u00e1 siempre al alcance de la mano.<\/li>\n<li>Soporte de tubo de aspiraci\u00f3n integrado con boquilla de suelo en el asa de transporte.<\/li>\n<\/ul>\n<p>&nbsp;<\/p>\n<h5><strong><b>Datos t\u00e9cnicos<\/b><\/strong><\/h5>\n<table class=\"is-zebra hight-light-first-column all magic-39\">\n<tbody>\n<tr>\n<td colspan=\"1\" rowspan=\"1\">\n<div class=\"magic-40\"><b data-spm-anchor-id=\"a2700.pc-decorate.0.i353.4f813333plsB2m\"><span class=\"magic-9\" style=\"font-family: Georgia;\" data-spm-anchor-id=\"a2700.details-description.0.i1.13f5qFvrqFvrGg\">Rendimiento m\u00e1x. por superficie (m\u00b2\/h)<\/span><\/b><\/div>\n<\/td>\n<td colspan=\"1\" rowspan=\"1\">\n<div class=\"magic-41\"><span class=\"magic-9\" style=\"font-family: Georgia;\">20 &#8211; 25<\/span><\/div>\n<\/td>\n<\/tr>\n<tr>\n<td colspan=\"1\" rowspan=\"1\">\n<div class=\"magic-40\"><b data-spm-anchor-id=\"0.0.0.i3.5dc24f05AxZvxl\"><span class=\"magic-9\" style=\"font-family: Georgia;\">Caudal de aire (l\/s)<\/span><\/b><\/div>\n<\/td>\n<td colspan=\"1\" rowspan=\"1\">\n<div class=\"magic-41\"><span class=\"magic-9\" style=\"font-family: Georgia;\">74<\/span><\/div>\n<\/td>\n<\/tr>\n<tr>\n<td colspan=\"1\" rowspan=\"1\">\n<div class=\"magic-40\"><b data-spm-anchor-id=\"a2700.pc-decorate.0.i359.4f813333plsB2m\"><span class=\"magic-42\" style=\"font-family: Georgia;\">Vac\u00edo (mbar\/kPa)<\/span><\/b><\/div>\n<\/td>\n<td colspan=\"1\" rowspan=\"1\">\n<div class=\"magic-41\"><span style=\"font-family: Georgia;\">254 \/ 25.4<\/span><\/div>\n<\/td>\n<\/tr>\n<tr>\n<td colspan=\"1\" rowspan=\"1\">\n<div class=\"magic-40\"><b data-spm-anchor-id=\"a2700.pc-decorate.0.i362.4f813333plsB2m\"><span class=\"magic-42\" style=\"font-family: Georgia;\">Caudal de pulverizaci\u00f3n (l\/min)<\/span><\/b><\/div>\n<\/td>\n<td colspan=\"1\" rowspan=\"1\">\n<div class=\"magic-41\"><span style=\"font-family: Georgia;\">1<\/span><\/div>\n<\/td>\n<\/tr>\n<tr>\n<td colspan=\"1\" rowspan=\"1\">\n<div class=\"magic-40\"><b data-spm-anchor-id=\"a2700.pc-decorate.0.i368.4f813333plsB2m\"><span class=\"magic-42\" style=\"font-family: Georgia;\">Presi\u00f3n de pulverizaci\u00f3n (bar)<\/span><\/b><\/div>\n<\/td>\n<td colspan=\"1\" rowspan=\"1\">\n<div class=\"magic-41\"><span class=\"magic-9\" style=\"font-family: Georgia;\">1<\/span><\/div>\n<\/td>\n<\/tr>\n<tr>\n<td colspan=\"1\" rowspan=\"1\">\n<div class=\"magic-40\"><b data-spm-anchor-id=\"a2700.pc-decorate.0.i370.4f813333plsB2m\"><span class=\"magic-42\" style=\"font-family: Georgia;\">Dep\u00f3sito de agua limpia\/sucia (l)<\/span><\/b><\/div>\n<\/td>\n<td colspan=\"1\" rowspan=\"1\">\n<div class=\"magic-41\"><span style=\"font-family: Georgia;\">10 \/ 9<\/span><\/div>\n<\/td>\n<\/tr>\n<tr>\n<td colspan=\"1\" rowspan=\"1\">\n<div class=\"magic-40\"><b data-spm-anchor-id=\"a2700.pc-decorate.0.i227.64da3333ZbkGUR\"><span style=\"font-family: Georgia;\">Potencia de la turbina (W)<\/span><\/b><\/div>\n<\/td>\n<td colspan=\"1\" rowspan=\"1\">\n<div class=\"magic-41\"><span style=\"font-family: Georgia;\">1250<\/span><\/div>\n<\/td>\n<\/tr>\n<tr>\n<td colspan=\"1\" rowspan=\"1\">\n<div class=\"magic-40\"><span style=\"font-family: Georgia;\"><b>Capacidad de la bomba (W)<\/b><\/span><\/div>\n<\/td>\n<td colspan=\"1\" rowspan=\"1\">\n<div class=\"magic-41\"><span style=\"font-family: Georgia;\">40<\/span><\/div>\n<\/td>\n<\/tr>\n<tr>\n<td colspan=\"1\" rowspan=\"1\">\n<div class=\"magic-40\"><b data-spm-anchor-id=\"a2700.pc-decorate.0.i372.4f813333plsB2m\"><span class=\"magic-42\" style=\"font-family: Georgia;\">Alimentaci\u00f3n (V\/Hz)<\/span><\/b><\/div>\n<\/td>\n<td colspan=\"1\" rowspan=\"1\">\n<div class=\"magic-41\"><span style=\"font-family: Georgia;\">220 &#8211; 240 \/ 50 &#8211; 60<\/span><\/div>\n<\/td>\n<\/tr>\n<tr>\n<td colspan=\"1\" rowspan=\"1\">\n<div class=\"magic-40\"><span style=\"font-family: Georgia;\"><b>Longitud del cable (m)<\/b><\/span><\/div>\n<\/td>\n<td colspan=\"1\" rowspan=\"1\">\n<div class=\"magic-41\"><span style=\"font-family: Georgia;\">7.5<\/span><\/div>\n<\/td>\n<\/tr>\n<tr>\n<td colspan=\"1\" rowspan=\"1\">\n<div class=\"magic-40\"><span style=\"font-family: Georgia;\"><b>Color<\/b><\/span><\/div>\n<\/td>\n<td colspan=\"1\" rowspan=\"1\">\n<div class=\"magic-41\"><span style=\"font-family: Georgia;\">antracita<\/span><\/div>\n<\/td>\n<\/tr>\n<tr>\n<td colspan=\"1\" rowspan=\"1\">\n<div class=\"magic-40\"><b data-spm-anchor-id=\"a2700.pc-decorate.0.i374.4f813333plsB2m\"><span class=\"magic-42\" style=\"font-family: Georgia;\">Peso sin accesorios (kg)<\/span><\/b><\/div>\n<\/td>\n<td colspan=\"1\" rowspan=\"1\">\n<div class=\"magic-41\"><span style=\"font-family: Georgia;\">10.5<\/span><\/div>\n<\/td>\n<\/tr>\n<tr>\n<td colspan=\"1\" rowspan=\"1\">\n<div class=\"magic-40\"><span style=\"font-family: Georgia;\"><b>Peso con embalaje (kg)<\/b><\/span><\/div>\n<\/td>\n<td colspan=\"1\" rowspan=\"1\">\n<div class=\"magic-41\"><span style=\"font-family: Georgia;\">16.1<\/span><\/div>\n<\/td>\n<\/tr>\n<tr>\n<td colspan=\"1\" rowspan=\"1\">\n<div class=\"magic-40\"><b data-spm-anchor-id=\"a2700.pc-decorate.0.i376.4f813333plsB2m\"><span class=\"magic-42\" style=\"font-family: Georgia;\">Dimensiones (L \u00d7 A \u00d7 A) (mm)<\/span><\/b><\/div>\n<\/td>\n<td colspan=\"1\" rowspan=\"1\">\n<div class=\"magic-41\"><span style=\"font-family: Georgia;\">690 x 325 x 440<\/span><\/div>\n<\/td>\n<\/tr>\n<\/tbody>\n<\/table>","protected":false},"excerpt":{"rendered":"<p>Descubra la potente aspiradora por pulverizaci\u00f3n Puzzi 10\/1 de K\u00e4rcher: las boquillas de 240 mm para alfombras y tapicer\u00edas proporcionan una limpieza profunda e higi\u00e9nica con una potente succi\u00f3n y una humedad m\u00ednima. Dise\u00f1o compacto y duradero con dep\u00f3sitos transparentes y sencillos controles de pie: perfecta para hoteles, veh\u00edculos y profesionales. Resultados de secado r\u00e1pido<\/p>","protected":false},"featured_media":4443,"comment_status":"closed","ping_status":"closed","template":"","meta":[],"product_brand":[48],"product_cat":[51],"product_tag":[],"class_list":{"0":"post-4442","1":"product","2":"type-product","3":"status-publish","4":"has-post-thumbnail","6":"product_brand-karcher","7":"product_cat-machines","8":"pa_functions-cleaning-machine","10":"first","11":"instock","12":"shipping-taxable","13":"product-type-simple"},"ct_brands":[{"id":48,"name":"K\u00e4rcher","slug":"karcher"}],"_links":{"self":[{"href":"https:\/\/www.kinghomechemicals.com\/es\/wp-json\/wp\/v2\/product\/4442","targetHints":{"allow":["GET"]}}],"collection":[{"href":"https:\/\/www.kinghomechemicals.com\/es\/wp-json\/wp\/v2\/product"}],"about":[{"href":"https:\/\/www.kinghomechemicals.com\/es\/wp-json\/wp\/v2\/types\/product"}],"replies":[{"embeddable":true,"href":"https:\/\/www.kinghomechemicals.com\/es\/wp-json\/wp\/v2\/comments?post=4442"}],"wp:featuredmedia":[{"embeddable":true,"href":"https:\/\/www.kinghomechemicals.com\/es\/wp-json\/wp\/v2\/media\/4443"}],"wp:attachment":[{"href":"https:\/\/www.kinghomechemicals.com\/es\/wp-json\/wp\/v2\/media?parent=4442"}],"wp:term":[{"taxonomy":"product_brand","embeddable":true,"href":"https:\/\/www.kinghomechemicals.com\/es\/wp-json\/wp\/v2\/product_brand?post=4442"},{"taxonomy":"product_cat","embeddable":true,"href":"https:\/\/www.kinghomechemicals.com\/es\/wp-json\/wp\/v2\/product_cat?post=4442"},{"taxonomy":"product_tag","embeddable":true,"href":"https:\/\/www.kinghomechemicals.com\/es\/wp-json\/wp\/v2\/product_tag?post=4442"}],"curies":[{"name":"wp","href":"https:\/\/api.w.org\/{rel}","templated":true}]}}